{"id":2180,"date":"2021-04-25T13:55:50","date_gmt":"2021-04-25T13:55:50","guid":{"rendered":"http:\/\/pyhabirma.planet.ee\/?page_id=2180"},"modified":"2021-10-03T08:58:34","modified_gmt":"2021-10-03T08:58:34","slug":"r-pesakond","status":"publish","type":"page","link":"http:\/\/pyhabirma.planet.ee\/en\/r-pesakond","title":{"rendered":"R-litter"},"content":{"rendered":"<p>09.03.2021 was born R-litter small girl Rhodes.<br \/>\nmother: L\u00fc\u00fcra Alsiade&#8217;s Fleur SBIb<br \/>\nfather: IC EE*Odell LaLa St.Ifferini SBIn<\/p>\n<p><a href=\"http:\/\/pyhabirma.planet.ee\/wp-content\/uploads\/2021\/04\/Rhodes-15-paeva-vana-2021.jpg\"><img loading=\"lazy\" decoding=\"async\" class=\"alignnone size-medium wp-image-2187\" src=\"http:\/\/pyhabirma.planet.ee\/wp-content\/uploads\/2021\/04\/Rhodes-15-paeva-vana-2021-283x300.jpg\" alt=\"\" width=\"283\" height=\"300\" srcset=\"http:\/\/pyhabirma.planet.ee\/wp-content\/uploads\/2021\/04\/Rhodes-15-paeva-vana-2021-283x300.jpg 283w, http:\/\/pyhabirma.planet.ee\/wp-content\/uploads\/2021\/04\/Rhodes-15-paeva-vana-2021-768x814.jpg 768w, http:\/\/pyhabirma.planet.ee\/wp-content\/uploads\/2021\/04\/Rhodes-15-paeva-vana-2021-624x662.jpg 624w, http:\/\/pyhabirma.planet.ee\/wp-content\/uploads\/2021\/04\/Rhodes-15-paeva-vana-2021.jpg 794w\" sizes=\"(max-width: 283px) 100vw, 283px\" \/><\/a><a href=\"http:\/\/pyhabirma.planet.ee\/wp-content\/uploads\/2021\/04\/LUURA-JA-RHODES-14-PAEVA-VANA.jpg\"><img loading=\"lazy\" decoding=\"async\" class=\"alignnone size-medium wp-image-2186\" src=\"http:\/\/pyhabirma.planet.ee\/wp-content\/uploads\/2021\/04\/LUURA-JA-RHODES-14-PAEVA-VANA-227x300.jpg\" alt=\"\" width=\"227\" height=\"300\" srcset=\"http:\/\/pyhabirma.planet.ee\/wp-content\/uploads\/2021\/04\/LUURA-JA-RHODES-14-PAEVA-VANA-227x300.jpg 227w, http:\/\/pyhabirma.planet.ee\/wp-content\/uploads\/2021\/04\/LUURA-JA-RHODES-14-PAEVA-VANA-624x825.jpg 624w, http:\/\/pyhabirma.planet.ee\/wp-content\/uploads\/2021\/04\/LUURA-JA-RHODES-14-PAEVA-VANA.jpg 726w\" sizes=\"(max-width: 227px) 100vw, 227px\" \/><\/a><\/p>\n<table>\n<tbody>\n<tr bgcolor=\"#d2b072\">\n<td><strong>Nimi<\/strong><\/td>\n<td><strong>Sugu<\/strong><\/td>\n<td><strong>V\u00e4rvus<\/strong><\/td>\n<td><strong>Kvaliteet<\/strong><\/td>\n<td><strong>Staatus<\/strong><\/td>\n<\/tr>\n<tr>\n<td>Rhodes<\/td>\n<td>female<\/td>\n<td>SBI b<\/td>\n<td style=\"padding-left: 40px;\">pet<\/td>\n<td>free<\/td>\n<\/tr>\n<\/tbody>\n<\/table>\n<p><\/p>","protected":false},"excerpt":{"rendered":"<p>09.03.2021 was born R-litter small girl Rhodes. mother: L\u00fc\u00fcra Alsiade&#8217;s Fleur SBIb father: IC EE*Odell LaLa St.Ifferini SBIn Nimi Sugu V\u00e4rvus Kvaliteet Staatus Rhodes female SBI b pet free<\/p>\n","protected":false},"author":2,"featured_media":0,"parent":0,"menu_order":0,"comment_status":"closed","ping_status":"closed","template":"","meta":{"footnotes":""},"_links":{"self":[{"href":"http:\/\/pyhabirma.planet.ee\/en\/wp-json\/wp\/v2\/pages\/2180"}],"collection":[{"href":"http:\/\/pyhabirma.planet.ee\/en\/wp-json\/wp\/v2\/pages"}],"about":[{"href":"http:\/\/pyhabirma.planet.ee\/en\/wp-json\/wp\/v2\/types\/page"}],"author":[{"embeddable":true,"href":"http:\/\/pyhabirma.planet.ee\/en\/wp-json\/wp\/v2\/users\/2"}],"replies":[{"embeddable":true,"href":"http:\/\/pyhabirma.planet.ee\/en\/wp-json\/wp\/v2\/comments?post=2180"}],"version-history":[{"count":18,"href":"http:\/\/pyhabirma.planet.ee\/en\/wp-json\/wp\/v2\/pages\/2180\/revisions"}],"predecessor-version":[{"id":2395,"href":"http:\/\/pyhabirma.planet.ee\/en\/wp-json\/wp\/v2\/pages\/2180\/revisions\/2395"}],"wp:attachment":[{"href":"http:\/\/pyhabirma.planet.ee\/en\/wp-json\/wp\/v2\/media?parent=2180"}],"curies":[{"name":"wp","href":"https:\/\/api.w.org\/{rel}","templated":true}]}}