{"id":30,"date":"2013-01-09T11:34:34","date_gmt":"2013-01-09T11:34:34","guid":{"rendered":"http:\/\/pyhabirma.planet.ee\/?page_id=30"},"modified":"2015-11-26T16:19:05","modified_gmt":"2015-11-26T16:19:05","slug":"unelmabirma","status":"publish","type":"page","link":"http:\/\/pyhabirma.planet.ee\/en\/unelmabirma","title":{"rendered":"Unelma"},"content":{"rendered":"<p><div id=\"attachment_35\" style=\"width: 240px\" class=\"wp-caption alignleft\"><a href=\"http:\/\/pyhabirma.planet.ee\/wp-content\/uploads\/2013\/01\/unelma.png\"><img loading=\"lazy\" decoding=\"async\" aria-describedby=\"caption-attachment-35\" class=\"size-full wp-image-35\" alt=\"unelma\" src=\"http:\/\/pyhabirma.planet.ee\/wp-content\/uploads\/2013\/01\/unelma.png\" width=\"230\" height=\"300\" \/><\/a><p id=\"caption-attachment-35\" class=\"wp-caption-text\">Click on the picture to see more.<\/p><\/div><\/p>\n<p><strong><br \/>\nIC Chim\u00e4r&#8217;s\u00a0UNELMA<br \/>\n<\/strong><em>From Chim\u00e4r&#8217;s breeder, SBIn, female. 21. 04. 2010<\/em><\/p>\n<p><strong>Father<\/strong><br \/>\n<em>Laudabilis&#8217;s Douglas<\/em><\/p>\n<p><strong>Mother<br \/>\n<\/strong><em>Chim\u00e4r&#8217;s Queen of Jazz\u00a0<\/em><\/p>\n<p><strong>Raised by<br \/>\n<\/strong><em>Anneli P\u00e4\u00e4kk\u00f6<\/em><\/p>\n<p><strong style=\"line-height: 1.714285714; font-size: 1rem;\">Owner<br \/>\n<\/strong><em style=\"line-height: 1.714285714; font-size: 1rem;\">Merike Sepp<\/em><\/p>\n<p><strong><img loading=\"lazy\" decoding=\"async\" class=\" wp-image-21 alignleft\" style=\"opacity: 0;\" alt=\"img_73562\" src=\"http:\/\/pyhabirma.planet.ee\/wp-content\/uploads\/2013\/01\/img_73562-300x199.jpg\" width=\"230\" height=\"199\" \/><\/strong><\/p>\n<p><strong>Blood type<\/strong><br \/>\n<em>A<br \/>\nFIV\/FELV negative<\/em><\/p>\n<p><strong>Kittens<br \/>\n<\/strong><a href=\"\/a-pesakond\">\u00a0A-Kittens<\/a>,\u00a0\u00a0<a href=\"\/b-pesakond\">B-kittens<\/a><\/p>\n<p><a href=\"http:\/\/www.pawpeds.com\/db\/?a=p&#038;id=884023&#038;g=4&#038;p=sbi&#038;date=iso&#038;o=ajgrep\">Pedigree<\/a><\/p>\n<p><a href=\"http:\/\/pyhabirma.planet.ee\/wp-content\/uploads\/2013\/01\/UNELMA2.jpg\"><img loading=\"lazy\" decoding=\"async\" class=\"alignleft size-thumbnail wp-image-184\" alt=\"UNELMA,2\" src=\"http:\/\/pyhabirma.planet.ee\/wp-content\/uploads\/2013\/01\/UNELMA2-150x150.jpg\" width=\"0\" height=\"0\" \/><\/a> <a href=\"http:\/\/pyhabirma.planet.ee\/wp-content\/uploads\/2013\/01\/UNELMA3.jpg\"><img loading=\"lazy\" decoding=\"async\" class=\"alignleft size-thumbnail wp-image-185\" alt=\"UNELMA,3\" src=\"http:\/\/pyhabirma.planet.ee\/wp-content\/uploads\/2013\/01\/UNELMA3-150x150.jpg\" width=\"0\" height=\"0\" \/><\/a> <a href=\"http:\/\/pyhabirma.planet.ee\/wp-content\/uploads\/2013\/01\/UnelmaR.jpg\"><img loading=\"lazy\" decoding=\"async\" class=\"alignleft size-thumbnail wp-image-186\" alt=\"Unelma,R\" src=\"http:\/\/pyhabirma.planet.ee\/wp-content\/uploads\/2013\/01\/UnelmaR-150x150.jpg\" width=\"0\" height=\"0\" \/><\/a> <a href=\"http:\/\/pyhabirma.planet.ee\/wp-content\/uploads\/2013\/01\/Unelma.jpg\"><img loading=\"lazy\" decoding=\"async\" class=\"alignleft size-thumbnail wp-image-187\" alt=\"Unelma\" src=\"http:\/\/pyhabirma.planet.ee\/wp-content\/uploads\/2013\/01\/Unelma-150x150.jpg\" width=\"0\" height=\"0\" \/><\/a> <a href=\"http:\/\/pyhabirma.planet.ee\/wp-content\/uploads\/2013\/01\/IMG_5442.jpg\"><img loading=\"lazy\" decoding=\"async\" class=\"alignleft size-thumbnail wp-image-188\" alt=\"IMG_5442\" src=\"http:\/\/pyhabirma.planet.ee\/wp-content\/uploads\/2013\/01\/IMG_5442-150x150.jpg\" width=\"0\" height=\"0\" \/><\/a> <a href=\"http:\/\/pyhabirma.planet.ee\/wp-content\/uploads\/2013\/01\/IMG_5445.jpg\"><img loading=\"lazy\" decoding=\"async\" class=\"alignleft size-thumbnail wp-image-189\" alt=\"IMG_5445\" src=\"http:\/\/pyhabirma.planet.ee\/wp-content\/uploads\/2013\/01\/IMG_5445-150x150.jpg\" width=\"0\" height=\"0\" \/><\/a> <a href=\"http:\/\/pyhabirma.planet.ee\/wp-content\/uploads\/2013\/01\/IMG_5448.jpg\"><img loading=\"lazy\" decoding=\"async\" class=\"alignleft size-thumbnail wp-image-190\" alt=\"IMG_5448\" src=\"http:\/\/pyhabirma.planet.ee\/wp-content\/uploads\/2013\/01\/IMG_5448-150x150.jpg\" width=\"0\" height=\"0\" \/><\/a> <a href=\"http:\/\/pyhabirma.planet.ee\/wp-content\/uploads\/2013\/01\/IMG_5449.jpg\"><img loading=\"lazy\" decoding=\"async\" class=\"alignleft size-thumbnail wp-image-191\" alt=\"IMG_5449\" src=\"http:\/\/pyhabirma.planet.ee\/wp-content\/uploads\/2013\/01\/IMG_5449-150x150.jpg\" width=\"0\" height=\"0\" \/><\/a> <a href=\"http:\/\/pyhabirma.planet.ee\/wp-content\/uploads\/2013\/01\/IMG_5450.jpg\"><img loading=\"lazy\" decoding=\"async\" class=\"alignleft size-thumbnail wp-image-192\" alt=\"IMG_5450\" src=\"http:\/\/pyhabirma.planet.ee\/wp-content\/uploads\/2013\/01\/IMG_5450-150x150.jpg\" width=\"0\" height=\"0\" \/><\/a> <a href=\"http:\/\/pyhabirma.planet.ee\/wp-content\/uploads\/2013\/01\/unelma-Riias.jpg\"><img loading=\"lazy\" decoding=\"async\" class=\"alignleft size-thumbnail wp-image-193\" alt=\"unelma Riias\" src=\"http:\/\/pyhabirma.planet.ee\/wp-content\/uploads\/2013\/01\/unelma-Riias-150x150.jpg\" width=\"0\" height=\"0\" \/><\/a><\/p>","protected":false},"excerpt":{"rendered":"<p>IC Chim\u00e4r&#8217;s\u00a0UNELMA From Chim\u00e4r&#8217;s breeder, SBIn, female. 21. 04. 2010 Father Laudabilis&#8217;s Douglas Mother Chim\u00e4r&#8217;s Queen of Jazz\u00a0 Raised by Anneli P\u00e4\u00e4kk\u00f6 Owner Merike Sepp Blood type A FIV\/FELV negative Kittens \u00a0A-Kittens,\u00a0\u00a0B-kittens Pedigree<\/p>\n","protected":false},"author":1,"featured_media":0,"parent":0,"menu_order":0,"comment_status":"closed","ping_status":"closed","template":"","meta":{"footnotes":""},"_links":{"self":[{"href":"http:\/\/pyhabirma.planet.ee\/en\/wp-json\/wp\/v2\/pages\/30"}],"collection":[{"href":"http:\/\/pyhabirma.planet.ee\/en\/wp-json\/wp\/v2\/pages"}],"about":[{"href":"http:\/\/pyhabirma.planet.ee\/en\/wp-json\/wp\/v2\/types\/page"}],"author":[{"embeddable":true,"href":"http:\/\/pyhabirma.planet.ee\/en\/wp-json\/wp\/v2\/users\/1"}],"replies":[{"embeddable":true,"href":"http:\/\/pyhabirma.planet.ee\/en\/wp-json\/wp\/v2\/comments?post=30"}],"version-history":[{"count":15,"href":"http:\/\/pyhabirma.planet.ee\/en\/wp-json\/wp\/v2\/pages\/30\/revisions"}],"predecessor-version":[{"id":1211,"href":"http:\/\/pyhabirma.planet.ee\/en\/wp-json\/wp\/v2\/pages\/30\/revisions\/1211"}],"wp:attachment":[{"href":"http:\/\/pyhabirma.planet.ee\/en\/wp-json\/wp\/v2\/media?parent=30"}],"curies":[{"name":"wp","href":"https:\/\/api.w.org\/{rel}","templated":true}]}}